 {"id":54,"date":"2024-01-26T19:45:46","date_gmt":"2024-01-26T19:45:46","guid":{"rendered":"http:\/\/www.kasalpopular.net\/?page_id=54"},"modified":"2024-04-06T10:47:34","modified_gmt":"2024-04-06T10:47:34","slug":"54-2","status":"publish","type":"page","link":"http:\/\/www.kasalpopular.net\/","title":{"rendered":"Casal Popular Les Arenes"},"content":{"rendered":"<p>[et_pb_section fb_built=\u00bb1&#8243; admin_label=\u00bbHeader\u00bb _builder_version=\u00bb4.18.0&#8243; _module_preset=\u00bbdefault\u00bb background_color=\u00bbgcid-8ce98ce1-4460-49e4-9cd7-b148b47c216c\u00bb use_background_color_gradient=\u00bbon\u00bb background_color_gradient_direction=\u00bb90deg\u00bb background_color_gradient_stops=\u00bbgcid-d214ab81-0383-475f-b48e-2c27b44bd017 46%|gcid-dd8ea19d-81cb-4074-bc8d-b1da674e2c08 69%\u00bb background_image=\u00bbhttp:\/\/www.kasalpopular.net\/wp-content\/uploads\/2024\/02\/banner-1.png\u00bb custom_padding=\u00bb||0px||false|false\u00bb background_last_edited=\u00bbon|tablet\u00bb background_color_gradient_direction_tablet=\u00bb180deg\u00bb collapsed=\u00bbon\u00bb global_colors_info=\u00bb{%22gcid-8ce98ce1-4460-49e4-9cd7-b148b47c216c%22:%91%22background_color%22%93,%22gcid-dd8ea19d-81cb-4074-bc8d-b1da674e2c08%22:%91%22background_color_gradient_stops%22%93}\u00bb][et_pb_row column_structure=\u00bb1_2,1_2&#8243; make_equal=\u00bbon\u00bb _builder_version=\u00bb4.23.1&#8243; _module_preset=\u00bbdefault\u00bb global_colors_info=\u00bb{}\u00bb][et_pb_column type=\u00bb1_2&#8243; _builder_version=\u00bb4.23.1&#8243; _module_preset=\u00bbdefault\u00bb global_colors_info=\u00bb{}\u00bb][et_pb_text _builder_version=\u00bb4.23.1&#8243; _module_preset=\u00bb888e0dd6-e45f-48a8-8ad1-204baf39f72f\u00bb width=\u00bb96.7%\u00bb custom_margin=\u00bb||10px||false|false\u00bb global_colors_info=\u00bb{}\u00bb]<\/p>\n<h1>Casal Popular Les Arenes<\/h1>\n<p>[\/et_pb_text][et_pb_button button_text=\u00bbEl teu casal del barri\u00bb _builder_version=\u00bb4.18.0&#8243; _module_preset=\u00bb4adebaa3-4dc8-4f86-a832-d89b0dc3467d\u00bb button_text_color=\u00bbgcid-d214ab81-0383-475f-b48e-2c27b44bd017&#8243; button_bg_color=\u00bbgcid-27d27316-00ff-460e-9cc1-5df31af25225&#8243; button_border_color=\u00bb#E02B20&#8243; global_colors_info=\u00bb{%22gcid-27d27316-00ff-460e-9cc1-5df31af25225%22:%91%22button_bg_color%22,%22button_bg_color%22,%22button_bg_color%22,%22button_bg_color%22%93,%22gcid-d214ab81-0383-475f-b48e-2c27b44bd017%22:%91%22button_text_color%22%93}\u00bb][\/et_pb_button][\/et_pb_column][et_pb_column type=\u00bb1_2&#8243; _builder_version=\u00bb4.23.1&#8243; _module_preset=\u00bbdefault\u00bb custom_padding=\u00bb40%||||false|false\u00bb custom_padding_tablet=\u00bb0vw||||false|false\u00bb custom_padding_phone=\u00bb0vw||||false|false\u00bb custom_padding_last_edited=\u00bbon|tablet\u00bb global_colors_info=\u00bb{}\u00bb][\/et_pb_column][\/et_pb_row][\/et_pb_section][et_pb_section fb_built=\u00bb1&#8243; admin_label=\u00bbAbout\u00bb _builder_version=\u00bb4.23.1&#8243; _module_preset=\u00bbdefault\u00bb background_color=\u00bbgcid-d214ab81-0383-475f-b48e-2c27b44bd017&#8243; collapsed=\u00bbon\u00bb global_colors_info=\u00bb{%22gcid-d214ab81-0383-475f-b48e-2c27b44bd017%22:%91%22background_color%22%93}\u00bb][et_pb_row _builder_version=\u00bb4.23.1&#8243; _module_preset=\u00bbdefault\u00bb global_colors_info=\u00bb{}\u00bb][et_pb_column type=\u00bb4_4&#8243; _builder_version=\u00bb4.23.1&#8243; _module_preset=\u00bbdefault\u00bb global_colors_info=\u00bb{}\u00bb][et_pb_text _builder_version=\u00bb4.23.1&#8243; _module_preset=\u00bbd59a4978-d349-495b-89f8-f5833db3ede8&#8243; text_orientation=\u00bbcenter\u00bb global_colors_info=\u00bb{}\u00bb]<\/p>\n<h2>Sobre nosaltres <\/h2>\n<p>[\/et_pb_text][\/et_pb_column][\/et_pb_row][\/et_pb_section][et_pb_section fb_built=\u00bb1&#8243; admin_label=\u00bbServices\u00bb _builder_version=\u00bb4.23.1&#8243; _module_preset=\u00bbdefault\u00bb background_color=\u00bbgcid-d214ab81-0383-475f-b48e-2c27b44bd017&#8243; custom_padding=\u00bb2px|||||\u00bb collapsed=\u00bbon\u00bb global_colors_info=\u00bb{%22gcid-d214ab81-0383-475f-b48e-2c27b44bd017%22:%91%22background_color%22%93}\u00bb][et_pb_row column_structure=\u00bb1_2,1_2&#8243; custom_padding_last_edited=\u00bbon|tablet\u00bb _builder_version=\u00bb4.18.0&#8243; _module_preset=\u00bbdefault\u00bb custom_padding=\u00bb0px|||||\u00bb custom_padding_tablet=\u00bb||0px||false|false\u00bb custom_padding_phone=\u00bb||0px||false|false\u00bb locked=\u00bboff\u00bb global_colors_info=\u00bb{}\u00bb][et_pb_column type=\u00bb1_2&#8243; _builder_version=\u00bb4.18.0&#8243; _module_preset=\u00bbdefault\u00bb background_color=\u00bbgcid-dd8ea19d-81cb-4074-bc8d-b1da674e2c08&#8243; custom_padding=\u00bb30px|30px|30px|30px|true|true\u00bb custom_padding_tablet=\u00bb30px|30px|30px|30px|false|false\u00bb custom_padding_phone=\u00bb20px|20px|20px|20px|true|true\u00bb custom_padding_last_edited=\u00bbon|desktop\u00bb border_radii=\u00bbon|20px|20px|20px|20px\u00bb global_colors_info=\u00bb{%22gcid-dd8ea19d-81cb-4074-bc8d-b1da674e2c08%22:%91%22background_color%22%93}\u00bb][et_pb_text _builder_version=\u00bb4.23.1&#8243; _module_preset=\u00bb01832bf2-bd5f-4a76-a42b-a9db84fe703a\u00bb text_orientation=\u00bbcenter\u00bb custom_margin=\u00bb||10px||false|false\u00bb global_colors_info=\u00bb{}\u00bb]<\/p>\n<h3>Entitats <\/h3>\n<p>[\/et_pb_text][et_pb_text _builder_version=\u00bb4.18.0&#8243; _module_preset=\u00bb158353e6-fd2f-4005-b5c7-cdb011fef318&#8243; text_text_color=\u00bb#000000&#8243; text_font_size=\u00bb19px\u00bb text_orientation=\u00bbcenter\u00bb width=\u00bb100%\u00bb custom_margin=\u00bb||10px||false|false\u00bb global_colors_info=\u00bb{}\u00bb]<\/p>\n<p>Centre Juvenil Les Arenas<\/p>\n<p>Avv Mancounitat d&#8217;Habitatge Social La Gripia<\/p>\n<p>Espai d&#8217;Atenci\u00f3 i Acolliment Psicosocial Comunit\u00e0ria Centre Dso<\/p>\n<p>[\/et_pb_text][\/et_pb_column][et_pb_column type=\u00bb1_2&#8243; _builder_version=\u00bb4.18.0&#8243; _module_preset=\u00bbdefault\u00bb background_color=\u00bb#A3C2CC\u00bb custom_padding=\u00bb30px|30px|30px|30px|true|true\u00bb custom_padding_tablet=\u00bb30px|30px|30px|30px|false|false\u00bb custom_padding_phone=\u00bb20px|20px|20px|20px|true|true\u00bb custom_padding_last_edited=\u00bbon|desktop\u00bb border_radii=\u00bbon|20px|20px|20px|20px\u00bb global_colors_info=\u00bb{}\u00bb][et_pb_text _builder_version=\u00bb4.23.1&#8243; _module_preset=\u00bb01832bf2-bd5f-4a76-a42b-a9db84fe703a\u00bb text_orientation=\u00bbcenter\u00bb custom_margin=\u00bb||10px||false|false\u00bb locked=\u00bboff\u00bb global_colors_info=\u00bb{}\u00bb]<\/p>\n<h3>Serveis <\/h3>\n<p>[\/et_pb_text][et_pb_button button_url=\u00bb@ET-DC@eyJkeW5hbWljIjp0cnVlLCJjb250ZW50IjoicG9zdF9saW5rX3VybF9wYWdlIiwic2V0dGluZ3MiOnsicG9zdF9pZCI6IjExMCJ9fQ==@\u00bb button_text=\u00bbPunt \u00d2mnia Les Arenes\u00bb _builder_version=\u00bb4.18.0&#8243; _dynamic_attributes=\u00bbbutton_url\u00bb _module_preset=\u00bbdefault\u00bb custom_button=\u00bbon\u00bb button_text_color=\u00bb#000000&#8243; button_border_width=\u00bb0px\u00bb button_icon=\u00bb&#x23;||divi||400&#8243; custom_margin=\u00bb|59px||59px|false|true\u00bb custom_padding=\u00bb|||0px||\u00bb global_colors_info=\u00bb{}\u00bb][\/et_pb_button][et_pb_button button_url=\u00bb@ET-DC@eyJkeW5hbWljIjp0cnVlLCJjb250ZW50IjoicG9zdF9saW5rX3VybF9wYWdlIiwic2V0dGluZ3MiOnsicG9zdF9pZCI6IjYifX0=@\u00bb button_text=\u00bbPunt d&#8217;Orientaci\u00f3 Social Les Arenes\u00bb _builder_version=\u00bb4.18.0&#8243; _dynamic_attributes=\u00bbbutton_url\u00bb _module_preset=\u00bbdefault\u00bb custom_button=\u00bbon\u00bb button_text_color=\u00bb#000000&#8243; button_border_width=\u00bb0px\u00bb button_icon=\u00bb&#x23;||divi||400&#8243; custom_margin=\u00bb-24px|||59px|false|false\u00bb custom_padding=\u00bb|||0px||\u00bb locked=\u00bboff\u00bb global_colors_info=\u00bb{}\u00bb][\/et_pb_button][\/et_pb_column][\/et_pb_row][\/et_pb_section][et_pb_section fb_built=\u00bb1&#8243; custom_padding_last_edited=\u00bboff|tablet\u00bb disabled_on=\u00bbon|on|off\u00bb admin_label=\u00bbCall to Action\u00bb _builder_version=\u00bb4.18.0&#8243; _module_preset=\u00bbdefault\u00bb background_color=\u00bb#FFFFFF\u00bb background_image=\u00bbhttp:\/\/www.kasalpopular.net\/wp-content\/uploads\/2024\/02\/bannerr555.png\u00bb background_size=\u00bbcustom\u00bb background_image_height=\u00bb78%\u00bb width=\u00bb100%\u00bb width_tablet=\u00bb100%\u00bb width_phone=\u00bb100%\u00bb width_last_edited=\u00bbon|desktop\u00bb max_width=\u00bb100%\u00bb min_height=\u00bb171px\u00bb height=\u00bb693px\u00bb max_height=\u00bb524px\u00bb custom_margin=\u00bb||-6px|||\u00bb custom_padding=\u00bb||0px||false|false\u00bb top_divider_style=\u00bbslant2&#8243; top_divider_color=\u00bb#D6D6D6&#8243; top_divider_height=\u00bb43px\u00bb top_divider_repeat=\u00bb1x\u00bb collapsed=\u00bbon\u00bb global_colors_info=\u00bb{}\u00bb][et_pb_row _builder_version=\u00bb4.18.0&#8243; _module_preset=\u00bbdefault\u00bb background_color=\u00bb#FFFFFF\u00bb width=\u00bb41.5%\u00bb max_width=\u00bb1038px\u00bb min_height=\u00bb467.8px\u00bb custom_margin=\u00bb|22px|10px|915px|false|false\u00bb custom_padding=\u00bb|108px|34px|24px|false|false\u00bb hover_enabled=\u00bb0&#8243; border_width_all=\u00bb4px\u00bb border_color_all=\u00bb#FFFFFF\u00bb global_colors_info=\u00bb{}\u00bb sticky_enabled=\u00bb0&#8243;][et_pb_column type=\u00bb4_4&#8243; _builder_version=\u00bb4.23.1&#8243; _module_preset=\u00bbdefault\u00bb global_colors_info=\u00bb{}\u00bb][et_pb_text _builder_version=\u00bb4.18.0&#8243; _module_preset=\u00bbd59a4978-d349-495b-89f8-f5833db3ede8&#8243; text_orientation=\u00bbcenter\u00bb custom_margin=\u00bb||10px||false|false\u00bb global_colors_info=\u00bb{}\u00bb]<\/p>\n<h2>Que fem?<\/h2>\n<p>[\/et_pb_text][et_pb_text _builder_version=\u00bb4.18.0&#8243; _module_preset=\u00bbd9aa6aef-9e28-45d8-8a6b-a7ab4bab7ed9&#8243; text_text_color=\u00bb#000000&#8243; text_line_height=\u00bb1.8em\u00bb text_orientation=\u00bbcenter\u00bb max_width=\u00bb95.1%\u00bb custom_margin=\u00bb||17px||false|false\u00bb global_colors_info=\u00bb{}\u00bb]<\/p>\n<p><span style=\"font-weight: 400;\">En aquest <\/span><span style=\"font-weight: 400;\">Casal de barri recollim les demandes i necessitats dels ve\u00efns, i oferim espais i activitats de trobada, d\u2019interrelaci\u00f3, i de creaci\u00f3 i participaci\u00f3 del ve\u00efnat del barri, on puguin parlar dels seus interessos i participar en diverses propostes d\u2019oci, formatives i socioculturals.<\/span><\/p>\n<p><span style=\"font-weight: 400;\">Facilitem la informaci\u00f3 dels serveis i les activitats dels casals que s\u2019ofereixen al barri, al districte i a la ciutat.<\/span><\/p>\n<p><span style=\"font-weight: 400;\">Fomentem el voluntariat com a part activa en la gesti\u00f3 i execuci\u00f3 del projecte del casal de barri.\u00a0<\/span><\/p>\n<p>[\/et_pb_text][\/et_pb_column][\/et_pb_row][\/et_pb_section][et_pb_section fb_built=\u00bb1&#8243; disabled_on=\u00bboff|off|on\u00bb _builder_version=\u00bb4.18.0&#8243; _module_preset=\u00bbdefault\u00bb min_height=\u00bb367.2px\u00bb custom_padding=\u00bb45px|||||\u00bb global_colors_info=\u00bb{}\u00bb][et_pb_row _builder_version=\u00bb4.18.0&#8243; _module_preset=\u00bbdefault\u00bb global_colors_info=\u00bb{}\u00bb][et_pb_column type=\u00bb4_4&#8243; _builder_version=\u00bb4.18.0&#8243; _module_preset=\u00bbdefault\u00bb global_colors_info=\u00bb{}\u00bb][et_pb_text _builder_version=\u00bb4.18.0&#8243; _module_preset=\u00bbdefault\u00bb text_text_color=\u00bb#242424&#8243; header_font=\u00bb|600|||||||\u00bb header_text_align=\u00bbcenter\u00bb header_2_font=\u00bb|700|||||||\u00bb global_colors_info=\u00bb{}\u00bb]<\/p>\n<h2 style=\"text-align: center;\">Que fem?<\/h2>\n<p><span style=\"font-weight: 400;\">En aquest <\/span><span style=\"font-weight: 400;\">Casal de barri recollim les demandes i necessitats dels ve\u00efns, i oferim espais i activitats de trobada, d\u2019interrelaci\u00f3, i de creaci\u00f3 i participaci\u00f3 del ve\u00efnat del barri, on puguin parlar dels seus interessos i participar en diverses propostes d\u2019oci, formatives i socioculturals.<\/span><\/p>\n<p><span style=\"font-weight: 400;\">Facilitem la informaci\u00f3 dels serveis i les activitats dels casals que s\u2019ofereixen al barri, al districte i a la ciutat.<\/span><\/p>\n<p><span style=\"font-weight: 400;\">Fomentem el voluntariat com a part activa en la gesti\u00f3 i execuci\u00f3 del projecte del casal de barri.\u00a0<\/span><\/p>\n<p>[\/et_pb_text][\/et_pb_column][\/et_pb_row][\/et_pb_section][et_pb_section fb_built=\u00bb1&#8243; _builder_version=\u00bb4.18.0&#8243; _module_preset=\u00bbdefault\u00bb custom_padding=\u00bb3px||3px|||\u00bb global_colors_info=\u00bb{}\u00bb][et_pb_row _builder_version=\u00bb4.18.0&#8243; _module_preset=\u00bbdefault\u00bb custom_padding=\u00bb||15px|||\u00bb global_colors_info=\u00bb{}\u00bb][et_pb_column type=\u00bb4_4&#8243; _builder_version=\u00bb4.18.0&#8243; _module_preset=\u00bbdefault\u00bb global_colors_info=\u00bb{}\u00bb][et_pb_contact_form email=\u00bbpuntorientaciosociallesarenes@gmail.com\u00bb title=\u00bbContacte \u00bb success_message=\u00bbgr\u00e0cies per contactar-nos\u00bb _builder_version=\u00bb4.18.0&#8243; _module_preset=\u00bbdefault\u00bb _unique_id=\u00bb95e88028-513d-4814-b1d6-5ab8a554fa77&#8243; title_font=\u00bb|700|||||||\u00bb custom_button=\u00bbon\u00bb button_text_color=\u00bb#E02B20&#8243; border_radii=\u00bbon|1px|1px|1px|1px\u00bb global_colors_info=\u00bb{}\u00bb][et_pb_contact_field field_id=\u00bbName\u00bb field_title=\u00bbNom i Cognoms\u00bb _builder_version=\u00bb4.18.0&#8243; global_colors_info=\u00bb{}\u00bb button_text_size__hover_enabled=\u00bboff\u00bb button_one_text_size__hover_enabled=\u00bboff\u00bb button_two_text_size__hover_enabled=\u00bboff\u00bb button_text_color__hover_enabled=\u00bboff\u00bb button_one_text_color__hover_enabled=\u00bboff\u00bb button_two_text_color__hover_enabled=\u00bboff\u00bb button_border_width__hover_enabled=\u00bboff\u00bb button_one_border_width__hover_enabled=\u00bboff\u00bb button_two_border_width__hover_enabled=\u00bboff\u00bb button_border_color__hover_enabled=\u00bboff\u00bb button_one_border_color__hover_enabled=\u00bboff\u00bb button_two_border_color__hover_enabled=\u00bboff\u00bb button_border_radius__hover_enabled=\u00bboff\u00bb button_one_border_radius__hover_enabled=\u00bboff\u00bb button_two_border_radius__hover_enabled=\u00bboff\u00bb button_letter_spacing__hover_enabled=\u00bboff\u00bb button_one_letter_spacing__hover_enabled=\u00bboff\u00bb button_two_letter_spacing__hover_enabled=\u00bboff\u00bb button_bg_color__hover_enabled=\u00bboff\u00bb button_one_bg_color__hover_enabled=\u00bboff\u00bb button_two_bg_color__hover_enabled=\u00bboff\u00bb][\/et_pb_contact_field][et_pb_contact_field field_id=\u00bbEmail\u00bb field_title=\u00bbAdre\u00e7a de correu electr\u00f2nic\u00bb field_type=\u00bbemail\u00bb _builder_version=\u00bb4.18.0&#8243; global_colors_info=\u00bb{}\u00bb button_text_size__hover_enabled=\u00bboff\u00bb button_one_text_size__hover_enabled=\u00bboff\u00bb button_two_text_size__hover_enabled=\u00bboff\u00bb button_text_color__hover_enabled=\u00bboff\u00bb button_one_text_color__hover_enabled=\u00bboff\u00bb button_two_text_color__hover_enabled=\u00bboff\u00bb button_border_width__hover_enabled=\u00bboff\u00bb button_one_border_width__hover_enabled=\u00bboff\u00bb button_two_border_width__hover_enabled=\u00bboff\u00bb button_border_color__hover_enabled=\u00bboff\u00bb button_one_border_color__hover_enabled=\u00bboff\u00bb button_two_border_color__hover_enabled=\u00bboff\u00bb button_border_radius__hover_enabled=\u00bboff\u00bb button_one_border_radius__hover_enabled=\u00bboff\u00bb button_two_border_radius__hover_enabled=\u00bboff\u00bb button_letter_spacing__hover_enabled=\u00bboff\u00bb button_one_letter_spacing__hover_enabled=\u00bboff\u00bb button_two_letter_spacing__hover_enabled=\u00bboff\u00bb button_bg_color__hover_enabled=\u00bboff\u00bb button_one_bg_color__hover_enabled=\u00bboff\u00bb button_two_bg_color__hover_enabled=\u00bboff\u00bb][\/et_pb_contact_field][et_pb_contact_field field_id=\u00bbMessage\u00bb field_title=\u00bbMissatge\u00bb field_type=\u00bbtext\u00bb fullwidth_field=\u00bbon\u00bb _builder_version=\u00bb4.18.0&#8243; global_colors_info=\u00bb{}\u00bb button_text_size__hover_enabled=\u00bboff\u00bb button_one_text_size__hover_enabled=\u00bboff\u00bb button_two_text_size__hover_enabled=\u00bboff\u00bb button_text_color__hover_enabled=\u00bboff\u00bb button_one_text_color__hover_enabled=\u00bboff\u00bb button_two_text_color__hover_enabled=\u00bboff\u00bb button_border_width__hover_enabled=\u00bboff\u00bb button_one_border_width__hover_enabled=\u00bboff\u00bb button_two_border_width__hover_enabled=\u00bboff\u00bb button_border_color__hover_enabled=\u00bboff\u00bb button_one_border_color__hover_enabled=\u00bboff\u00bb button_two_border_color__hover_enabled=\u00bboff\u00bb button_border_radius__hover_enabled=\u00bboff\u00bb button_one_border_radius__hover_enabled=\u00bboff\u00bb button_two_border_radius__hover_enabled=\u00bboff\u00bb button_letter_spacing__hover_enabled=\u00bboff\u00bb button_one_letter_spacing__hover_enabled=\u00bboff\u00bb button_two_letter_spacing__hover_enabled=\u00bboff\u00bb button_bg_color__hover_enabled=\u00bboff\u00bb button_one_bg_color__hover_enabled=\u00bboff\u00bb button_two_bg_color__hover_enabled=\u00bboff\u00bb][\/et_pb_contact_field][\/et_pb_contact_form][\/et_pb_column][\/et_pb_row][\/et_pb_section][et_pb_section fb_built=\u00bb1&#8243; _builder_version=\u00bb4.18.0&#8243; _module_preset=\u00bbdefault\u00bb min_height=\u00bb530.9px\u00bb custom_margin=\u00bb||-46px|||\u00bb custom_padding=\u00bb14px||0px|||\u00bb global_colors_info=\u00bb{}\u00bb][et_pb_row disabled_on=\u00bboff|off|off\u00bb _builder_version=\u00bb4.18.0&#8243; _module_preset=\u00bbdefault\u00bb width=\u00bb60.5%\u00bb custom_margin=\u00bb-50px|266px|7px|76px|false|false\u00bb custom_padding=\u00bb6px||3px|53px|false|false\u00bb border_radii_tablet=\u00bb\u00bb border_radii_phone=\u00bb\u00bb border_radii_last_edited=\u00bbon|desktop\u00bb global_colors_info=\u00bb{}\u00bb][et_pb_column type=\u00bb4_4&#8243; _builder_version=\u00bb4.18.0&#8243; _module_preset=\u00bbdefault\u00bb global_colors_info=\u00bb{}\u00bb][et_pb_text _builder_version=\u00bb4.18.0&#8243; _module_preset=\u00bbdefault\u00bb text_font=\u00bb|600|||||||\u00bb header_font=\u00bb|700|||||||\u00bb header_text_align=\u00bbleft\u00bb text_orientation=\u00bbcenter\u00bb custom_margin=\u00bb9px|||||\u00bb custom_padding=\u00bb0px|||0px||\u00bb global_colors_info=\u00bb{}\u00bb]<\/p>\n<h1>On estem? <\/h1>\n<p><iframe src=\"https:\/\/www.google.com\/maps\/embed?pb=!1m14!1m8!1m3!1d1254.9849975679736!2d2.035016645871037!3d41.57197569835964!3m2!1i1024!2i768!4f13.1!3m3!1m2!1s0x12a49325096175ef%3A0xa3ff2a1d88b17237!2sCentre%20Juvenil%20Las%20Arenas!5e0!3m2!1sca!2ses!4v1706815372141!5m2!1sca!2ses\" style=\"border: 0;\" allowfullscreen=\"\" loading=\"lazy\" referrerpolicy=\"no-referrer-when-downgrade\" width=\"2000\" height=\"450\"><\/iframe><\/p>\n<p>[\/et_pb_text][\/et_pb_column][\/et_pb_row][\/et_pb_section]<\/p>\n","protected":false},"excerpt":{"rendered":"<p>Casal Popular Les ArenesSobre nosaltres Entitats Centre Juvenil Les Arenas Avv Mancounitat d&#8217;Habitatge Social La Gripia Espai d&#8217;Atenci\u00f3 i Acolliment Psicosocial Comunit\u00e0ria Centre DsoServeis Que fem?En aquest Casal de barri recollim les demandes i necessitats dels ve\u00efns, i oferim espais i activitats de trobada, d\u2019interrelaci\u00f3, i de creaci\u00f3 i participaci\u00f3 del ve\u00efnat del barri, on [&hellip;]<\/p>\n","protected":false},"author":1,"featured_media":0,"parent":0,"menu_order":0,"comment_status":"closed","ping_status":"closed","template":"","meta":{"_et_pb_use_builder":"on","_et_pb_old_content":"","_et_gb_content_width":"","footnotes":""},"class_list":["post-54","page","type-page","status-publish","hentry"],"_links":{"self":[{"href":"http:\/\/www.kasalpopular.net\/index.php?rest_route=\/wp\/v2\/pages\/54","targetHints":{"allow":["GET"]}}],"collection":[{"href":"http:\/\/www.kasalpopular.net\/index.php?rest_route=\/wp\/v2\/pages"}],"about":[{"href":"http:\/\/www.kasalpopular.net\/index.php?rest_route=\/wp\/v2\/types\/page"}],"author":[{"embeddable":true,"href":"http:\/\/www.kasalpopular.net\/index.php?rest_route=\/wp\/v2\/users\/1"}],"replies":[{"embeddable":true,"href":"http:\/\/www.kasalpopular.net\/index.php?rest_route=%2Fwp%2Fv2%2Fcomments&post=54"}],"version-history":[{"count":55,"href":"http:\/\/www.kasalpopular.net\/index.php?rest_route=\/wp\/v2\/pages\/54\/revisions"}],"predecessor-version":[{"id":244,"href":"http:\/\/www.kasalpopular.net\/index.php?rest_route=\/wp\/v2\/pages\/54\/revisions\/244"}],"wp:attachment":[{"href":"http:\/\/www.kasalpopular.net\/index.php?rest_route=%2Fwp%2Fv2%2Fmedia&parent=54"}],"curies":[{"name":"wp","href":"https:\/\/api.w.org\/{rel}","templated":true}]}}